{"id":20564,"date":"2025-10-28T18:17:31","date_gmt":"2025-10-28T18:17:31","guid":{"rendered":"https:\/\/sezam.svetsajtova.com\/?post_type=product&#038;p=20564"},"modified":"2025-10-28T18:17:37","modified_gmt":"2025-10-28T18:17:37","slug":"zlatna-poluga-5g-argor-heraeus","status":"publish","type":"product","link":"https:\/\/sezam.svetsajtova.com\/en\/shop\/cene\/zlatna-poluga-5g-argor-heraeus\/","title":{"rendered":"Zlatna poluga 5g \u2013 ARGOR HERAEUS"},"content":{"rendered":"<p>Zlatna poluga 5 g savr\u0161en je izbor za one koji tra\u017ee pouzdanu investiciju, trajnu vrednost i simbol luksuza. Izra\u0111ena od \u010distog zlata sa \u010disto\u0107om od 999,9, ova poluga dolazi sa sertifikatom autenti\u010dnosti koji garantuje njen kvalitet i poreklo. Zahvaljuju\u0107i svojoj prakti\u010dnoj veli\u010dini i prepoznatljivom sjaju, lako se \u010duva i predstavlja siguran na\u010din da sa\u010duvate ili uve\u0107ate vrednost va\u0161e imovine.<\/p>\n<p>Zlatna poluga od 5 grama odli\u010dna je opcija za one koji \u017eele da osiguraju svoj kapital od inflacije i tr\u017ei\u0161nih oscilacija. Njena likvidnost i univerzalna prihva\u0107enost omogu\u0107avaju jednostavnu konverziju u gotovinu bilo gde u svetu. Pored toga, zbog svoje te\u017eine i veli\u010dine, predstavlja savr\u0161enu ravnote\u017eu izme\u0111u pristupa\u010dne investicije i zna\u010dajnog ulaganja u plemenite metale.<\/p>\n<p>Ova poluga je tako\u0111e savr\u0161en poklon za posebne prilike, kao \u0161to su ven\u010danja, godi\u0161njice, ro\u0111endani ili kr\u0161tenja. Njen elegantan dizajn i luksuzan izgled odu\u0161evljavaju svakog kome je poklonite, dok njena trajna vrednost ostavlja sna\u017ean utisak.<\/p>\n<p>Bez obzira na to da li ste po\u010detnik u investiranju u zlato ili iskusni kolekcionar, zlatna poluga od 5 grama predstavlja mudru odluku i siguran korak ka za\u0161titi i uve\u0107anju va\u0161e imovine. Investirajte u zlato ve\u0107 danas i osigurajte deo trajne vrednosti za budu\u0107nost!<\/p>","protected":false},"excerpt":{"rendered":"<p>Zlatna poluga od 5 grama izra\u0111ena je od \u010distog zlata (999,9) i dolazi sa sertifikatom autenti\u010dnosti, \u0161to garantuje njen visok kvalitet. Savr\u0161en je izbor za sigurno ulaganje, kao i za poklon za posebne prilike, sa trajnom vredno\u0161\u0107u koja raste s vremenom. Njena kompaktnost i likvidnost \u010dine je jednostavnom za \u010duvanje i konverziju u gotovinu.<\/p>","protected":false},"featured_media":20596,"comment_status":"closed","ping_status":"closed","template":"","meta":{"_acf_changed":false},"product_brand":[],"product_cat":[133,134],"product_tag":[],"class_list":{"0":"post-20564","1":"product","2":"type-product","3":"status-publish","4":"has-post-thumbnail","6":"product_cat-cene","7":"product_cat-zlatne-poluge","9":"first","10":"instock","11":"shipping-taxable","12":"purchasable","13":"product-type-simple"},"acf":[],"_links":{"self":[{"href":"https:\/\/sezam.svetsajtova.com\/en\/wp-json\/wp\/v2\/product\/20564","targetHints":{"allow":["GET"]}}],"collection":[{"href":"https:\/\/sezam.svetsajtova.com\/en\/wp-json\/wp\/v2\/product"}],"about":[{"href":"https:\/\/sezam.svetsajtova.com\/en\/wp-json\/wp\/v2\/types\/product"}],"replies":[{"embeddable":true,"href":"https:\/\/sezam.svetsajtova.com\/en\/wp-json\/wp\/v2\/comments?post=20564"}],"version-history":[{"count":0,"href":"https:\/\/sezam.svetsajtova.com\/en\/wp-json\/wp\/v2\/product\/20564\/revisions"}],"wp:featuredmedia":[{"embeddable":true,"href":"https:\/\/sezam.svetsajtova.com\/en\/wp-json\/wp\/v2\/media\/20596"}],"wp:attachment":[{"href":"https:\/\/sezam.svetsajtova.com\/en\/wp-json\/wp\/v2\/media?parent=20564"}],"wp:term":[{"taxonomy":"product_brand","embeddable":true,"href":"https:\/\/sezam.svetsajtova.com\/en\/wp-json\/wp\/v2\/product_brand?post=20564"},{"taxonomy":"product_cat","embeddable":true,"href":"https:\/\/sezam.svetsajtova.com\/en\/wp-json\/wp\/v2\/product_cat?post=20564"},{"taxonomy":"product_tag","embeddable":true,"href":"https:\/\/sezam.svetsajtova.com\/en\/wp-json\/wp\/v2\/product_tag?post=20564"}],"curies":[{"name":"wp","href":"https:\/\/api.w.org\/{rel}","templated":true}]}}