{"id":20562,"date":"2025-10-28T18:17:31","date_gmt":"2025-10-28T18:17:31","guid":{"rendered":"https:\/\/sezam.svetsajtova.com\/?post_type=product&#038;p=20562"},"modified":"2025-10-28T18:17:35","modified_gmt":"2025-10-28T18:17:35","slug":"zlatna-poluga-2g-argor-heraeus","status":"publish","type":"product","link":"https:\/\/sezam.svetsajtova.com\/en\/shop\/cene\/zlatna-poluga-2g-argor-heraeus\/","title":{"rendered":"Zlatna poluga 2g \u2013 ARGOR HERAEUS"},"content":{"rendered":"<p>Zlatna poluga 2g \u2013 ARGOR HERAEUS savr\u0161en je spoj vrhunskog kvaliteta, prefinjenog dizajna i trajne vrednosti. Izra\u0111ena od \u010distog zlata sa \u010disto\u0107om od 999,9, ova poluga dolazi iz renomirane \u0161vajcarske kovnice Argor Heraeus. Poznate po najvi\u0161im standardima proizvodnje. Uz sertifikat autenti\u010dnosti, garantuje sigurnost va\u0161e investicije i poverenje u njen kvalitet.<\/p>\n<p>Kompaktna veli\u010dina \u010dini ovu polugu idealnim izborom za po\u010detnike u svetu plemenitih metala, kao i za iskusne investitore koji \u017eele da pro\u0161ire svoj portfolio. Zahvaljuju\u0107i elegantnom izgledu i luksuznoj prezentaciji, savr\u0161en je poklon za posebne prilike, poput ro\u0111endana, godi\u0161njica, kr\u0161tenja ili ven\u010danja. Njena vrednost traje i raste s vremenom, \u0161tite\u0107i va\u0161u imovinu od inflacije i ekonomskih nestabilnosti.<\/p>\n<p>Zlatna poluga od 2 grama prakti\u010dna je za skladi\u0161tenje, lako prenosiva i likvidna, omogu\u0107avaju\u0107i jednostavnu konverziju u gotovinu bilo gde u svetu. Osim \u0161to predstavlja simbol luksuza i sigurnosti, ova poluga pru\u017ea ose\u0107aj stabilnosti i poverenja, jer je zlato vekovima prepoznato kao univerzalna valuta i sigurno uto\u010di\u0161te za investitore.<\/p>\n<p>Bez obzira na to da li je birate kao investiciju, deo kolekcije ili pa\u017eljivo odabran poklon, zlatna poluga od 2 grama \u2013 ARGOR HERAEUS je pravi izbor. Njena vrhunska izrada i me\u0111unarodno priznati kvalitet \u010dine je dragocenim dodatkom koji \u0107e zadr\u017eati svoju vrednost kroz generacije. Investirajte u sigurnost i luksuz ve\u0107 danas!<\/p>\n<p>Tra\u017eite poklon koji \u0107e zaista impresionirati? Zlatna poluga 2g\u00a0 je savr\u0161en izbor za ro\u0111endane, godi\u0161njice, ven\u010danja, kr\u0161tenja i druge posebne prilike. Njena simboli\u010dna i materijalna vrednost ostavlja trajan utisak i prenosi poruku pa\u017enje, presti\u017ea i \u017eelje za dugotrajnim prosperitetom.<\/p>\n<p>&nbsp;<\/p>","protected":false},"excerpt":{"rendered":"<p style=\"text-align: left;\">Zlatna poluga od 2 grama ARGOR HERAEUS izra\u0111ena je od \u010distog zlata sa \u010disto\u0107om od 999,9 i dolazi iz renomirane \u0161vajcarske kovnice, uz sertifikat autenti\u010dnosti koji garantuje njen kvalitet i poreklo. Ova kompaktna i elegantna poluga idealna je za investicije, kolekcionare ili kao luksuzan poklon za posebne prilike poput ro\u0111endana, godi\u0161njica i kr\u0161tenja. Predstavlja savr\u0161en spoj trajne vrednosti, sigurnosti i presti\u017ea.<\/p>","protected":false},"featured_media":20592,"comment_status":"closed","ping_status":"closed","template":"","meta":{"_acf_changed":false},"product_brand":[],"product_cat":[133,134],"product_tag":[],"class_list":{"0":"post-20562","1":"product","2":"type-product","3":"status-publish","4":"has-post-thumbnail","6":"product_cat-cene","7":"product_cat-zlatne-poluge","9":"first","10":"instock","11":"shipping-taxable","12":"purchasable","13":"product-type-simple"},"acf":[],"_links":{"self":[{"href":"https:\/\/sezam.svetsajtova.com\/en\/wp-json\/wp\/v2\/product\/20562","targetHints":{"allow":["GET"]}}],"collection":[{"href":"https:\/\/sezam.svetsajtova.com\/en\/wp-json\/wp\/v2\/product"}],"about":[{"href":"https:\/\/sezam.svetsajtova.com\/en\/wp-json\/wp\/v2\/types\/product"}],"replies":[{"embeddable":true,"href":"https:\/\/sezam.svetsajtova.com\/en\/wp-json\/wp\/v2\/comments?post=20562"}],"version-history":[{"count":0,"href":"https:\/\/sezam.svetsajtova.com\/en\/wp-json\/wp\/v2\/product\/20562\/revisions"}],"wp:featuredmedia":[{"embeddable":true,"href":"https:\/\/sezam.svetsajtova.com\/en\/wp-json\/wp\/v2\/media\/20592"}],"wp:attachment":[{"href":"https:\/\/sezam.svetsajtova.com\/en\/wp-json\/wp\/v2\/media?parent=20562"}],"wp:term":[{"taxonomy":"product_brand","embeddable":true,"href":"https:\/\/sezam.svetsajtova.com\/en\/wp-json\/wp\/v2\/product_brand?post=20562"},{"taxonomy":"product_cat","embeddable":true,"href":"https:\/\/sezam.svetsajtova.com\/en\/wp-json\/wp\/v2\/product_cat?post=20562"},{"taxonomy":"product_tag","embeddable":true,"href":"https:\/\/sezam.svetsajtova.com\/en\/wp-json\/wp\/v2\/product_tag?post=20562"}],"curies":[{"name":"wp","href":"https:\/\/api.w.org\/{rel}","templated":true}]}}