{"id":4400,"date":"2021-10-12T15:51:09","date_gmt":"2021-10-12T15:51:09","guid":{"rendered":"http:\/\/dummy.xtemos.com\/woodmart2\/elementor\/?page_id=4400"},"modified":"2026-04-06T08:40:20","modified_gmt":"2026-04-06T08:40:20","slug":"o-nama","status":"publish","type":"page","link":"https:\/\/sezam.svetsajtova.com\/en\/o-nama\/","title":{"rendered":"O nama"},"content":{"rendered":"<div data-elementor-type=\"wp-page\" data-elementor-id=\"4400\" class=\"elementor elementor-4400\" data-elementor-post-type=\"page\">\n\t\t\t\t<div class=\"wd-negative-gap elementor-element elementor-element-36dcbb4 wd-section-stretch e-flex e-con-boxed e-con e-parent\" data-id=\"36dcbb4\" data-element_type=\"container\" data-e-type=\"container\" data-settings=\"{&quot;background_background&quot;:&quot;classic&quot;}\">\n\t\t\t\t\t<div class=\"e-con-inner\">\n\t\t<div class=\"elementor-element elementor-element-e0406ce e-con-full e-flex e-con e-child\" data-id=\"e0406ce\" data-element_type=\"container\" data-e-type=\"container\">\n\t\t\t\t<div class=\"elementor-element elementor-element-e562266 elementor-widget elementor-widget-heading\" data-id=\"e562266\" data-element_type=\"widget\" data-e-type=\"widget\" data-widget_type=\"heading.default\">\n\t\t\t\t<div class=\"elementor-widget-container\">\n\t\t\t\t\t<h2 class=\"elementor-heading-title elementor-size-default\">Upoznajte nas<\/h2>\t\t\t\t<\/div>\n\t\t\t\t<\/div>\n\t\t\t\t<div class=\"elementor-element elementor-element-8946391 elementor-widget elementor-widget-heading\" data-id=\"8946391\" data-element_type=\"widget\" data-e-type=\"widget\" data-widget_type=\"heading.default\">\n\t\t\t\t<div class=\"elementor-widget-container\">\n\t\t\t\t\t<h1 class=\"elementor-heading-title elementor-size-default\">O Zlatari Sezam<\/h1>\t\t\t\t<\/div>\n\t\t\t\t<\/div>\n\t\t\t\t<div class=\"elementor-element elementor-element-74e2563 color-scheme-inherit text-left elementor-widget elementor-widget-text-editor\" data-id=\"74e2563\" data-element_type=\"widget\" data-e-type=\"widget\" data-widget_type=\"text-editor.default\">\n\t\t\t\t<div class=\"elementor-widget-container\">\n\t\t\t\t\t\t\t\t\t<p>Zlatara Sezam je porodi\u010dna zlatara koja sa vama deli ljubav prema plemenitim metalima od 1990. godine. Vi\u0161e od tri decenije gradimo poverenje kupaca kroz kvalitetnu obradu, pa\u017eljiv izbor materijala i posve\u0107enost svakom detalju, bilo da se radi o investicionom zlatu ili komadu nakita koji \u0107e obele\u017eiti va\u0161 najva\u017eniji \u017eivotni trenutak.<\/p><p>Ono \u0161to je po\u010delo kao mali porodi\u010dni posao danas je prepoznatljivo ime na tr\u017ei\u0161tu zlata i nakita u Srbiji, sa lokacijama u Novom Sadu i Od\u017eacima, i rastu\u0107om bazom zadovoljnih kupaca \u0161irom zemlje.<\/p>\t\t\t\t\t\t\t\t<\/div>\n\t\t\t\t<\/div>\n\t\t\t\t<\/div>\n\t\t<div class=\"elementor-element elementor-element-86eeacf e-con-full e-flex e-con e-child\" data-id=\"86eeacf\" data-element_type=\"container\" data-e-type=\"container\">\n\t\t\t\t<\/div>\n\t\t\t\t\t<\/div>\n\t\t\t\t<\/div>\n\t\t<div class=\"wd-negative-gap elementor-element elementor-element-8fbfebf e-flex e-con-boxed e-con e-parent\" data-id=\"8fbfebf\" data-element_type=\"container\" data-e-type=\"container\">\n\t\t\t\t\t<div class=\"e-con-inner\">\n\t\t<div class=\"elementor-element elementor-element-271702e e-con-full e-flex e-con e-child\" data-id=\"271702e\" data-element_type=\"container\" data-e-type=\"container\" data-settings=\"{&quot;background_background&quot;:&quot;classic&quot;}\">\n\t\t\t\t<div class=\"elementor-element elementor-element-b8d2ddf wd-width-100 elementor-widget elementor-widget-wd_title\" data-id=\"b8d2ddf\" data-element_type=\"widget\" data-e-type=\"widget\" data-widget_type=\"wd_title.default\">\n\t\t\t\t<div class=\"elementor-widget-container\">\n\t\t\t\t\t\t\t<div class=\"title-wrapper wd-set-mb reset-last-child wd-title-color-default wd-title-style-default wd-title-size-default text-left\">\n\n\t\t\t\n\t\t\t<div class=\"liner-continer\">\n\t\t\t\t<h4 class=\"woodmart-title-container title wd-fontsize-l wd-underline-colored\">\u010cime se bavimo?<\/h4> \n\t\t\t\t\t\t\t<\/div>\n\n\t\t\t\t\t<\/div>\n\t\t\t\t\t\t<\/div>\n\t\t\t\t<\/div>\n\t\t\t\t<div class=\"elementor-element elementor-element-43bb79b elementor-widget elementor-widget-wd_text_block\" data-id=\"43bb79b\" data-element_type=\"widget\" data-e-type=\"widget\" data-widget_type=\"wd_text_block.default\">\n\t\t\t\t<div class=\"elementor-widget-container\">\n\t\t\t\t\t\t\t<div class=\"wd-text-block reset-last-child text-left color-title\">\n\t\t\t\n\t\t\t<p>Na\u0161a ponuda obuhvata sve \u0161to vam je potrebno kada je re\u010d o zlatu, srebru i dragom kamenju.<\/p>\n\t\t\t\t\t<\/div>\n\t\t\t\t\t\t<\/div>\n\t\t\t\t<\/div>\n\t\t\t\t<div class=\"elementor-element elementor-element-da35c24 elementor-widget elementor-widget-wd_text_block\" data-id=\"da35c24\" data-element_type=\"widget\" data-e-type=\"widget\" data-widget_type=\"wd_text_block.default\">\n\t\t\t\t<div class=\"elementor-widget-container\">\n\t\t\t\t\t\t\t<div class=\"wd-text-block reset-last-child text-left\">\n\t\t\t\n\t\t\t<p><strong>Investiciono zlato i srebro<\/strong>: U ponudi imamo zlatne poluge i dukate najfinije \u010disto\u0107e (999,9) od svetski priznatih proizvo\u0111a\u010da poput Argor Heraeus, Heraeus i M\u00fcnze \u00d6sterreich, koji poseduju LBMA \u201eGood Delivery\" sertifikat kao garanciju kvaliteta i autenti\u010dnosti. Zlatne poluge su dostupne u \u0161irokom rasponu te\u017eina\u00a0 od 0,5g do 100g\u00a0 tako da svaki investitor, bilo mali ili veliki, mo\u017ee prona\u0107i odgovaraju\u0107i proizvod. Pored zlata, nudimo i investiciono srebro, uklju\u010duju\u0107i ekskluzivnu kolekciju art srebrnjaka.<\/p><p><strong>Moderan nakit<\/strong>: Pratimo svetske modne trendove i u ponudi uvek imamo \u0161iroku paletu unikatnog nakita od zlata i srebra: burme, narukvice, prstenje, ogrlice, min\u0111u\u0161e, dijamante u blisteru i zlato za poklon. Na\u0161e burme izra\u0111uju se i po meri, prema va\u0161im \u017eeljama i idejama.<\/p><p><strong>Dukati i zlatnici<\/strong>: Nudimo klasi\u010dne kovane dukate (Franc Jozef, Wiener Philharmoniker, Kanadski javorov list), gravirane zlatnike i foto zlatnike \u2014 savr\u0161en spoj tradicije, elegancije i vrednosti koja traje generacijama.<\/p><p><strong>Otkup zlata<\/strong>: Vr\u0161imo profesionalan i fer otkup zlata u Novom Sadu i okolini. Na\u0161e stru\u010dno osoblje detaljno pregleda svaki predmet, utvr\u0111uje \u010disto\u0107u i masu, i nudi transparentnu procenu zasnovanu na aktuelnim tr\u017ei\u0161nim cenama.<\/p>\n\t\t\t\t\t<\/div>\n\t\t\t\t\t\t<\/div>\n\t\t\t\t<\/div>\n\t\t\t\t<\/div>\n\t\t\t\t\t<\/div>\n\t\t\t\t<\/div>\n\t\t<div class=\"elementor-element elementor-element-f2b88db e-flex e-con-boxed e-con e-parent\" data-id=\"f2b88db\" data-element_type=\"container\" data-e-type=\"container\">\n\t\t\t\t\t<div class=\"e-con-inner\">\n\t\t<div class=\"elementor-element elementor-element-b5c6bdd e-con-full e-flex e-con e-child\" data-id=\"b5c6bdd\" data-element_type=\"container\" data-e-type=\"container\" data-settings=\"{&quot;background_background&quot;:&quot;classic&quot;}\">\n\t\t\t\t<div class=\"elementor-element elementor-element-2630e8c wd-width-100 elementor-widget elementor-widget-wd_title\" data-id=\"2630e8c\" data-element_type=\"widget\" data-e-type=\"widget\" data-widget_type=\"wd_title.default\">\n\t\t\t\t<div class=\"elementor-widget-container\">\n\t\t\t\t\t\t\t<div class=\"title-wrapper wd-set-mb reset-last-child wd-title-color-default wd-title-style-default wd-title-size-default text-left\">\n\n\t\t\t\n\t\t\t<div class=\"liner-continer\">\n\t\t\t\t<h4 class=\"woodmart-title-container title wd-fontsize-l wd-underline-colored\">Za\u0161to izabrati Zlataru Sezam?<\/h4> \n\t\t\t\t\t\t\t<\/div>\n\n\t\t\t\t\t<\/div>\n\t\t\t\t\t\t<\/div>\n\t\t\t\t<\/div>\n\t\t\t\t<div class=\"elementor-element elementor-element-318cde8 elementor-widget elementor-widget-wd_text_block\" data-id=\"318cde8\" data-element_type=\"widget\" data-e-type=\"widget\" data-widget_type=\"wd_text_block.default\">\n\t\t\t\t<div class=\"elementor-widget-container\">\n\t\t\t\t\t\t\t<div class=\"wd-text-block reset-last-child text-left\">\n\t\t\t\n\t\t\t<p><strong>Tradicija i iskustvo<\/strong>: Sa preko 35 godina u poslu, znamo koliko vam zna\u010di sigurnost i poverenje kada je re\u010d o plemenitim metalima.<\/p><p><strong>Transparentne cene<\/strong>: Na\u0161 cilj je da uvek ponudimo jednu od najpovoljnijih cena investicionog zlata na tr\u017ei\u0161tu. Ako prona\u0111ete ni\u017eu cenu za isti proizvod kod konkurencije\u00a0 kontaktirajte nas, potrudi\u0107emo se da vam ponudimo jo\u0161 bolju.<\/p><p><strong>Sertifikovani proizvodi<\/strong>: Svaki proizvod kupljen kod nas prati sertifikat koji potvr\u0111uje poreklo i kvalitet zlata.<\/p><p><strong>Sigurna kupovina i dostava<\/strong>: Omogu\u0107avamo jednostavno online poru\u010divanje sa sigurnom dostavom preko na\u0161ih partnera, kao i mogu\u0107nost avansnog pla\u0107anja uz garantovano ni\u017eu cenu.<\/p><p><strong>Stru\u010dni tim<\/strong>: Na\u0161 tim vam stoji na raspolaganju za sve informacije, savete i pomo\u0107 bilo da ste iskusan investitor ili kupujete zlato prvi put.<\/p>\n\t\t\t\t\t<\/div>\n\t\t\t\t\t\t<\/div>\n\t\t\t\t<\/div>\n\t\t\t\t<\/div>\n\t\t\t\t\t<\/div>\n\t\t\t\t<\/div>\n\t\t\t\t<\/div>","protected":false},"excerpt":{"rendered":"<p>Upoznajte nas O Zlatari Sezam Zlatara Sezam je porodi\u010dna zlatara koja sa vama deli ljubav prema plemenitim metalima od 1990.<\/p>","protected":false},"author":1,"featured_media":0,"parent":0,"menu_order":0,"comment_status":"closed","ping_status":"closed","template":"","meta":{"_acf_changed":false,"footnotes":""},"class_list":["post-4400","page","type-page","status-publish","hentry"],"acf":[],"_links":{"self":[{"href":"https:\/\/sezam.svetsajtova.com\/en\/wp-json\/wp\/v2\/pages\/4400","targetHints":{"allow":["GET"]}}],"collection":[{"href":"https:\/\/sezam.svetsajtova.com\/en\/wp-json\/wp\/v2\/pages"}],"about":[{"href":"https:\/\/sezam.svetsajtova.com\/en\/wp-json\/wp\/v2\/types\/page"}],"author":[{"embeddable":true,"href":"https:\/\/sezam.svetsajtova.com\/en\/wp-json\/wp\/v2\/users\/1"}],"replies":[{"embeddable":true,"href":"https:\/\/sezam.svetsajtova.com\/en\/wp-json\/wp\/v2\/comments?post=4400"}],"version-history":[{"count":0,"href":"https:\/\/sezam.svetsajtova.com\/en\/wp-json\/wp\/v2\/pages\/4400\/revisions"}],"wp:attachment":[{"href":"https:\/\/sezam.svetsajtova.com\/en\/wp-json\/wp\/v2\/media?parent=4400"}],"curies":[{"name":"wp","href":"https:\/\/api.w.org\/{rel}","templated":true}]}}