{"id":21446,"date":"2026-01-12T18:22:09","date_gmt":"2026-01-12T18:22:09","guid":{"rendered":"https:\/\/sezam.svetsajtova.com\/?page_id=21446"},"modified":"2026-01-12T18:23:52","modified_gmt":"2026-01-12T18:23:52","slug":"uslovi-online-kupovine","status":"publish","type":"page","link":"https:\/\/sezam.svetsajtova.com\/en\/uslovi-online-kupovine\/","title":{"rendered":"Uslovi online kupovine"},"content":{"rendered":"<div data-elementor-type=\"wp-page\" data-elementor-id=\"21446\" class=\"elementor elementor-21446\" data-elementor-post-type=\"page\">\n\t\t\t\t<div class=\"elementor-element elementor-element-23e74f3 e-flex e-con-boxed e-con e-parent\" data-id=\"23e74f3\" data-element_type=\"container\" data-e-type=\"container\">\n\t\t\t\t\t<div class=\"e-con-inner\">\n\t\t\t\t<div class=\"elementor-element elementor-element-d975bda elementor-widget elementor-widget-heading\" data-id=\"d975bda\" data-element_type=\"widget\" data-e-type=\"widget\" data-widget_type=\"heading.default\">\n\t\t\t\t<div class=\"elementor-widget-container\">\n\t\t\t\t\t<h1 class=\"elementor-heading-title elementor-size-default\">Uslovi online kupovine<\/h1>\t\t\t\t<\/div>\n\t\t\t\t<\/div>\n\t\t\t\t<div class=\"elementor-element elementor-element-a9ade6e color-scheme-inherit text-left elementor-widget elementor-widget-text-editor\" data-id=\"a9ade6e\" data-element_type=\"widget\" data-e-type=\"widget\" data-widget_type=\"text-editor.default\">\n\t\t\t\t<div class=\"elementor-widget-container\">\n\t\t\t\t\t\t\t\t\t<p data-start=\"680\" data-end=\"845\">Cene proizvoda na sajtu\u00a0<strong data-start=\"704\" data-end=\"724\">zlatarasezam.com<\/strong>\u00a0formiraju se na osnovu\u00a0<strong data-start=\"748\" data-end=\"798\">trenutne tr\u017ei\u0161ne (spot) cene plemenitih metala<\/strong>, koja je podlo\u017ena \u010destim promenama tokom dana.<\/p><p data-start=\"847\" data-end=\"897\"><strong>Zbog prirode tr\u017ei\u0161ta investicionog zlata i srebra:<\/strong><\/p><ul data-start=\"899\" data-end=\"1151\"><li data-start=\"899\" data-end=\"997\"><p data-start=\"901\" data-end=\"997\">Cena proizvoda u trenutku poru\u010divanja mo\u017ee se razlikovati od cene u trenutku obrade porud\u017ebine<\/p><\/li><li data-start=\"998\" data-end=\"1074\"><p data-start=\"1000\" data-end=\"1074\">Trgovac zadr\u017eava pravo da potvrdi ili koriguje cenu pre kona\u010dne isporuke<\/p><\/li><li data-start=\"1075\" data-end=\"1151\"><p data-start=\"1077\" data-end=\"1151\">Porud\u017ebina se smatra va\u017ee\u0107om tek nakon\u00a0<strong data-start=\"1116\" data-end=\"1151\">potvrde cene od strane prodavca<\/strong><\/p><\/li><\/ul><p data-start=\"1153\" data-end=\"1257\">U slu\u010daju zna\u010dajnih promena cene plemenitih metala, kupac \u0107e biti blagovremeno obave\u0161ten i ima pravo da:<\/p><ul data-start=\"1258\" data-end=\"1339\"><li data-start=\"1258\" data-end=\"1284\"><p data-start=\"1260\" data-end=\"1284\">prihvati novu cenu ili<\/p><\/li><li data-start=\"1285\" data-end=\"1339\"><p data-start=\"1287\" data-end=\"1339\">odustane od kupovine bez ikakvih dodatnih tro\u0161kova<\/p><\/li><\/ul><p data-start=\"1341\" data-end=\"1501\">Trgovac ne snosi odgovornost za eventualne tehni\u010dke gre\u0161ke, ka\u0161njenja u a\u017euriranju cena ili razlike nastale usled promena na svetskom tr\u017ei\u0161tu plemenitih metala.<\/p>\t\t\t\t\t\t\t\t<\/div>\n\t\t\t\t<\/div>\n\t\t\t\t\t<\/div>\n\t\t\t\t<\/div>\n\t\t\t\t<\/div>","protected":false},"excerpt":{"rendered":"<p>Uslovi online kupovine Cene proizvoda na sajtu\u00a0zlatarasezam.com\u00a0formiraju se na osnovu\u00a0trenutne tr\u017ei\u0161ne (spot) cene plemenitih metala, koja je podlo\u017ena \u010destim promenama<\/p>","protected":false},"author":1,"featured_media":0,"parent":0,"menu_order":0,"comment_status":"closed","ping_status":"closed","template":"","meta":{"_acf_changed":false,"footnotes":""},"class_list":["post-21446","page","type-page","status-publish","hentry"],"acf":[],"_links":{"self":[{"href":"https:\/\/sezam.svetsajtova.com\/en\/wp-json\/wp\/v2\/pages\/21446","targetHints":{"allow":["GET"]}}],"collection":[{"href":"https:\/\/sezam.svetsajtova.com\/en\/wp-json\/wp\/v2\/pages"}],"about":[{"href":"https:\/\/sezam.svetsajtova.com\/en\/wp-json\/wp\/v2\/types\/page"}],"author":[{"embeddable":true,"href":"https:\/\/sezam.svetsajtova.com\/en\/wp-json\/wp\/v2\/users\/1"}],"replies":[{"embeddable":true,"href":"https:\/\/sezam.svetsajtova.com\/en\/wp-json\/wp\/v2\/comments?post=21446"}],"version-history":[{"count":0,"href":"https:\/\/sezam.svetsajtova.com\/en\/wp-json\/wp\/v2\/pages\/21446\/revisions"}],"wp:attachment":[{"href":"https:\/\/sezam.svetsajtova.com\/en\/wp-json\/wp\/v2\/media?parent=21446"}],"curies":[{"name":"wp","href":"https:\/\/api.w.org\/{rel}","templated":true}]}}