{"id":21349,"date":"2025-12-04T15:40:37","date_gmt":"2025-12-04T15:40:37","guid":{"rendered":"https:\/\/sezam.svetsajtova.com\/?page_id=21349"},"modified":"2026-02-18T16:50:31","modified_gmt":"2026-02-18T16:50:31","slug":"cena-zlata","status":"publish","type":"page","link":"https:\/\/sezam.svetsajtova.com\/en\/cena-zlata\/","title":{"rendered":"Cena zlata"},"content":{"rendered":"<div data-elementor-type=\"wp-page\" data-elementor-id=\"21349\" class=\"elementor elementor-21349\" data-elementor-post-type=\"page\">\n\t\t\t\t<div class=\"wd-negative-gap elementor-element elementor-element-70d48c3 e-flex e-con-boxed e-con e-parent\" data-id=\"70d48c3\" data-element_type=\"container\" data-e-type=\"container\" data-settings=\"{&quot;background_background&quot;:&quot;classic&quot;}\">\n\t\t\t\t\t<div class=\"e-con-inner\">\n\t\t<div class=\"elementor-element elementor-element-46ca048 e-con-full e-flex e-con e-child\" data-id=\"46ca048\" data-element_type=\"container\" data-e-type=\"container\">\n\t\t\t\t<div class=\"elementor-element elementor-element-d6f443c elementor-widget elementor-widget-heading\" data-id=\"d6f443c\" data-element_type=\"widget\" data-e-type=\"widget\" data-widget_type=\"heading.default\">\n\t\t\t\t<div class=\"elementor-widget-container\">\n\t\t\t\t\t<h2 class=\"elementor-heading-title elementor-size-default\">U\u017eivo<\/h2>\t\t\t\t<\/div>\n\t\t\t\t<\/div>\n\t\t\t\t<div class=\"elementor-element elementor-element-6ef325f elementor-widget elementor-widget-heading\" data-id=\"6ef325f\" data-element_type=\"widget\" data-e-type=\"widget\" data-widget_type=\"heading.default\">\n\t\t\t\t<div class=\"elementor-widget-container\">\n\t\t\t\t\t<h2 class=\"elementor-heading-title elementor-size-default\">Pratite u\u017eivo kretanje cene zlata na tr\u017ei\u0161tu<\/h2>\t\t\t\t<\/div>\n\t\t\t\t<\/div>\n\t\t\t\t<div class=\"elementor-element elementor-element-06ebad7 color-scheme-inherit text-left elementor-widget elementor-widget-text-editor\" data-id=\"06ebad7\" data-element_type=\"widget\" data-e-type=\"widget\" data-widget_type=\"text-editor.default\">\n\t\t\t\t<div class=\"elementor-widget-container\">\n\t\t\t\t\t\t\t\t\t<p>Kao va\u0161a posebna zlatara u Novom Sadu, omogu\u0107ili smo vam da od sada u\u017eivo i na na\u0161em sajtu mo\u017eete pratiti cene zlata na svetskom tr\u017ei\u0161tu \u010dije cene prati i na\u0161 sajt. Kliknite na dugme i pogledajte u\u017eivo grafikone i pratite cenu zlata.<\/p>\t\t\t\t\t\t\t\t<\/div>\n\t\t\t\t<\/div>\n\t\t\t\t<div class=\"elementor-element elementor-element-ad9ed78 elementor-align-left elementor-widget elementor-widget-button\" data-id=\"ad9ed78\" data-element_type=\"widget\" data-e-type=\"widget\" data-widget_type=\"button.default\">\n\t\t\t\t<div class=\"elementor-widget-container\">\n\t\t\t\t\t\t\t\t\t<div class=\"elementor-button-wrapper\">\n\t\t\t\t\t<a class=\"elementor-button elementor-button-link elementor-size-sm\" href=\"#cene\">\n\t\t\t\t\t\t<span class=\"elementor-button-content-wrapper\">\n\t\t\t\t\t\t\t\t\t<span class=\"elementor-button-text\">Pogledajte cene zlata<\/span>\n\t\t\t\t\t<\/span>\n\t\t\t\t\t<\/a>\n\t\t\t\t<\/div>\n\t\t\t\t\t\t\t\t<\/div>\n\t\t\t\t<\/div>\n\t\t\t\t<\/div>\n\t\t<div class=\"elementor-element elementor-element-ab66d00 e-con-full e-flex e-con e-child\" data-id=\"ab66d00\" data-element_type=\"container\" data-e-type=\"container\">\n\t\t\t\t<\/div>\n\t\t\t\t\t<\/div>\n\t\t\t\t<\/div>\n\t\t<div class=\"wd-negative-gap elementor-element elementor-element-5185fa0 e-flex e-con-boxed e-con e-parent\" data-id=\"5185fa0\" data-element_type=\"container\" data-e-type=\"container\" id=\"cene\">\n\t\t\t\t\t<div class=\"e-con-inner\">\n\t\t\t\t<div class=\"elementor-element elementor-element-2470358 elementor-widget elementor-widget-shortcode\" data-id=\"2470358\" data-element_type=\"widget\" data-e-type=\"widget\" data-widget_type=\"shortcode.default\">\n\t\t\t\t<div class=\"elementor-widget-container\">\n\t\t\t\t\t\t\t<div class=\"elementor-shortcode\"><div style=\"border-radius:16px; overflow:hidden;\">\n  <iframe loading=\"lazy\" \n    src=\"https:\/\/goldbroker.com\/widget\/live\/XAU?currency=EUR&height=400\" \n    scrolling=\"no\" \n    frameborder=\"0\" \n    width=\"100%\" \n    height=\"400\" \n    style=\"border:0; overflow:hidden; border-radius:16px;\">\n  <\/iframe>\n<\/div>\n<br>\nGold price by <a href=\"https:\/\/goldbroker.com\/\" style=\"text-transform: uppercase;\" target=\"_blank\" rel=\"noopener\">GoldBroker.com<\/a>\n<\/div>\n\t\t\t\t\t\t<\/div>\n\t\t\t\t<\/div>\n\t\t\t\t<div class=\"elementor-element elementor-element-d976555 elementor-widget elementor-widget-shortcode\" data-id=\"d976555\" data-element_type=\"widget\" data-e-type=\"widget\" data-widget_type=\"shortcode.default\">\n\t\t\t\t<div class=\"elementor-widget-container\">\n\t\t\t\t\t\t\t<div class=\"elementor-shortcode\"><div style=\"border-radius:16px; overflow:hidden;\">\n  <iframe loading=\"lazy\" \n    src=\"https:\/\/goldbroker.com\/widget\/historical\/XAU?height=400&currency=EUR\" \n    scrolling=\"no\" \n    frameborder=\"0\" \n    width=\"100%\" \n    height=\"400\" \n    style=\"border:0; overflow:hidden; border-radius:16px;\">\n  <\/iframe>\n<\/div><\/div>\n\t\t\t\t\t\t<\/div>\n\t\t\t\t<\/div>\n\t\t\t\t\t<\/div>\n\t\t\t\t<\/div>\n\t\t\t\t<\/div>","protected":false},"excerpt":{"rendered":"<p>U\u017eivo Pratite u\u017eivo kretanje cene zlata na tr\u017ei\u0161tu Kao va\u0161a posebna zlatara u Novom Sadu, omogu\u0107ili smo vam da od<\/p>","protected":false},"author":1,"featured_media":0,"parent":0,"menu_order":0,"comment_status":"closed","ping_status":"closed","template":"","meta":{"_acf_changed":false,"footnotes":""},"class_list":["post-21349","page","type-page","status-publish","hentry"],"acf":[],"_links":{"self":[{"href":"https:\/\/sezam.svetsajtova.com\/en\/wp-json\/wp\/v2\/pages\/21349","targetHints":{"allow":["GET"]}}],"collection":[{"href":"https:\/\/sezam.svetsajtova.com\/en\/wp-json\/wp\/v2\/pages"}],"about":[{"href":"https:\/\/sezam.svetsajtova.com\/en\/wp-json\/wp\/v2\/types\/page"}],"author":[{"embeddable":true,"href":"https:\/\/sezam.svetsajtova.com\/en\/wp-json\/wp\/v2\/users\/1"}],"replies":[{"embeddable":true,"href":"https:\/\/sezam.svetsajtova.com\/en\/wp-json\/wp\/v2\/comments?post=21349"}],"version-history":[{"count":0,"href":"https:\/\/sezam.svetsajtova.com\/en\/wp-json\/wp\/v2\/pages\/21349\/revisions"}],"wp:attachment":[{"href":"https:\/\/sezam.svetsajtova.com\/en\/wp-json\/wp\/v2\/media?parent=21349"}],"curies":[{"name":"wp","href":"https:\/\/api.w.org\/{rel}","templated":true}]}}